{"id":1886,"date":"2019-06-05T14:50:04","date_gmt":"2019-06-05T13:50:04","guid":{"rendered":"https:\/\/icombine.net\/?page_id=1886"},"modified":"2021-12-17T13:34:05","modified_gmt":"2021-12-17T12:34:05","slug":"demo-buchen","status":"publish","type":"page","link":"https:\/\/icombine.net\/de\/demo-buchen","title":{"rendered":"Demo buchen"},"content":{"rendered":"<p>[et_pb_section fb_built=&#8220;1&#8243; _builder_version=&#8220;3.22&#8243; use_background_color_gradient=&#8220;on&#8220; background_color_gradient_start=&#8220;#ffffff&#8220; background_color_gradient_end=&#8220;rgba(255,255,255,0.5)&#8220; background_image=&#8220;https:\/\/icombine.net\/wp-content\/uploads\/hands-crossed-small.jpg&#8220; background_blend=&#8220;overlay&#8220; custom_padding=&#8220;32px|0px|72px|0px|false|false&#8220; bottom_divider_style=&#8220;slant&#8220; bottom_divider_color=&#8220;#fcf1d2&#8243; bottom_divider_height=&#8220;38px&#8220;][et_pb_row make_equal=&#8220;on&#8220; _builder_version=&#8220;3.25&#8243; column_structure=&#8220;3_5,2_5&#8243;][et_pb_column type=&#8220;3_5&#8243; _builder_version=&#8220;3.25&#8243; custom_padding=&#8220;|||&#8220; custom_css_main_element=&#8220;margin: auto;&#8220; custom_padding__hover=&#8220;|||&#8220;][et_pb_text _builder_version=&#8220;3.27.4&#8243; header_font=&#8220;||||||||&#8220;]<\/p>\n<h1>Buchen Sie jetzt Ihre Demo<\/h1>\n<p>Erfahren Sie, wie iCombine Ihrem Unternehmen dabei helfen kann, g\u00e4ngige Anwendungsf\u00e4lle zu l\u00f6sen, sich neuen Herausforderungen zu stellen und Prozesse zu optimieren.<br \/>\n[\/et_pb_text][et_pb_text _builder_version=&#8220;3.27.4&#8243;]<\/p>\n<ul>\n<li>Lassen Sie uns \u00fcber aktuelle Herausforderungen im Bereich Skill Management und Projektplanung sprechen<\/li>\n<li>Erfahren Sie, wie Sie mit unserer L\u00f6sung Ihre Prozesse deutlich verbessern k\u00f6nnen<\/li>\n<li>Finden Sie heraus, wie sich unsere Software einfach in Ihrem Unternehmen einrichten und verwenden l\u00e4sst<\/li>\n<li>Testen Sie iCombine f\u00fcr 30 Tage mit bis zu 50 Kollegen<\/li>\n<\/ul>\n<p>[\/et_pb_text][\/et_pb_column][et_pb_column type=&#8220;2_5&#8243; _builder_version=&#8220;3.25&#8243; custom_padding=&#8220;|||&#8220; custom_padding__hover=&#8220;|||&#8220;][et_pb_text admin_label=&#8220;Schedule Form Box&#8220; _builder_version=&#8220;3.27.4&#8243; header_font=&#8220;||||||||&#8220; header_text_color=&#8220;rgba(0,0,0,0.8)&#8220; background_color=&#8220;#fcf1d2&#8243; custom_padding=&#8220;22px|20px|8px|20px|false|true&#8220; border_radii=&#8220;on|6px|6px|6px|6px&#8220; box_shadow_style=&#8220;preset1&#8243; box_shadow_blur=&#8220;8px&#8220;]<\/p>\n<h2>Erm\u00f6glichen Sie Ihren Teams, die beste Arbeit ihres Lebens zu leisten<\/h2>\n<p><div class=\"caldera-grid\" id=\"caldera_form_1\" data-cf-ver=\"1.9.4\" data-cf-form-id=\"CF5cf782bc5f58b\"><div id=\"caldera_notices_1\" data-spinner=\"https:\/\/icombine.net\/wp-admin\/images\/spinner.gif\"><\/div><form data-instance=\"1\" class=\"CF5cf782bc5f58b caldera_forms_form cfajax-trigger\" method=\"POST\" enctype=\"multipart\/form-data\" id=\"CF5cf782bc5f58b_1\" data-form-id=\"CF5cf782bc5f58b\" aria-label=\"Schedule Demo Form\" data-target=\"#caldera_notices_1\" data-template=\"#cfajax_CF5cf782bc5f58b-tmpl\" data-cfajax=\"CF5cf782bc5f58b\" data-load-element=\"_parent\" data-load-class=\"cf_processing\" data-post-disable=\"0\" data-action=\"cf_process_ajax_submit\" data-request=\"https:\/\/icombine.net\/de\/cf-api\/CF5cf782bc5f58b?cf_lang=de\" data-hiderows=\"true\">\r\n<input type=\"hidden\" id=\"_cf_verify_CF5cf782bc5f58b\" name=\"_cf_verify\" value=\"e56a76034f\"  data-nonce-time=\"1778063411\" \/><input type=\"hidden\" name=\"_wp_http_referer\" value=\"\/de\/wp-json\/wp\/v2\/pages\/1886\" \/><div id=\"cf2-CF5cf782bc5f58b_1\"><\/div><input type=\"hidden\" name=\"_cf_frm_id\" value=\"CF5cf782bc5f58b\">\r\n<input type=\"hidden\" name=\"_cf_frm_ct\" value=\"1\">\r\n<input type=\"hidden\" name=\"cfajax\" value=\"CF5cf782bc5f58b\">\r\n<input type=\"hidden\" name=\"_cf_cr_pst\" value=\"1886\">\r\n<div class=\"hide\" style=\"display:none; overflow:hidden;height:0;width:0;\">\r\n<label>Company<\/label><input type=\"text\" name=\"company\" value=\"\" autocomplete=\"off\">\r\n<\/div><div id=\"CF5cf782bc5f58b_1-row-1\"  class=\"row  first_row\"><div  class=\"col-sm-12  single\"><div data-field-wrapper=\"fld_7324565\" class=\"form-group\" id=\"fld_7324565_1-wrap\">\r\n\t<label id=\"fld_7324565Label\" for=\"fld_7324565_1\" class=\"control-label\">Email <span aria-hidden=\"true\" role=\"presentation\" class=\"field_required\" style=\"color:#ee0000;\">*<\/span><\/label>\r\n\t<div class=\"\">\r\n\t\t<input   required type=\"email\" data-field=\"fld_7324565\" class=\" form-control\" id=\"fld_7324565_1\" name=\"fld_7324565\" value=\"\" data-type=\"email\" aria-required=\"true\"   aria-labelledby=\"fld_7324565Label\" >\t\t\t<\/div>\r\n<\/div>\r\n<\/div><\/div><div id=\"CF5cf782bc5f58b_1-row-2\"  class=\"row \"><div  class=\"col-sm-12  single\"><div data-field-wrapper=\"fld_9485400\" class=\"form-group\" id=\"fld_9485400_1-wrap\">\r\n\t<label id=\"fld_9485400Label\" for=\"fld_9485400_1\" class=\"control-label\">Vorname <span aria-hidden=\"true\" role=\"presentation\" class=\"field_required\" style=\"color:#ee0000;\">*<\/span><\/label>\r\n\t<div class=\"\">\r\n\t\t<input   required type=\"text\" data-field=\"fld_9485400\" class=\" form-control\" id=\"fld_9485400_1\" name=\"fld_9485400\" value=\"\" data-type=\"text\" aria-required=\"true\"   aria-labelledby=\"fld_9485400Label\" >\t\t\t<\/div>\r\n<\/div>\r\n<\/div><\/div><div id=\"CF5cf782bc5f58b_1-row-3\"  class=\"row \"><div  class=\"col-sm-12  single\"><div data-field-wrapper=\"fld_8802302\" class=\"form-group\" id=\"fld_8802302_1-wrap\">\r\n\t<label id=\"fld_8802302Label\" for=\"fld_8802302_1\" class=\"control-label\">Nachname <span aria-hidden=\"true\" role=\"presentation\" class=\"field_required\" style=\"color:#ee0000;\">*<\/span><\/label>\r\n\t<div class=\"\">\r\n\t\t<input   required type=\"text\" data-field=\"fld_8802302\" class=\" form-control\" id=\"fld_8802302_1\" name=\"fld_8802302\" value=\"\" data-type=\"text\" aria-required=\"true\"   aria-labelledby=\"fld_8802302Label\" >\t\t\t<\/div>\r\n<\/div>\r\n<\/div><\/div><div id=\"CF5cf782bc5f58b_1-row-4\"  class=\"row  last_row\"><div  class=\"col-sm-12  single\"><div data-field-wrapper=\"fld_8567836\" class=\"form-group\" id=\"fld_8567836_1-wrap\">\r\n<div class=\"\">\r\n\t<input  class=\"et_pb_button btn-primary btn-block\" type=\"submit\" name=\"fld_8567836\" id=\"fld_8567836_1\" value=\"Demo jetzt buchen\" data-field=\"fld_8567836\"  >\n<\/div>\r\n<\/div>\r\n\t<input class=\"button_trigger_1\" type=\"hidden\" name=\"fld_8567836\" id=\"fld_8567836_1_btn\" value=\"\" data-field=\"fld_8567836\"  \/>\n<\/div><\/div><\/form>\r\n<\/div>\r\n<br \/>\n[\/et_pb_text][\/et_pb_column][\/et_pb_row][\/et_pb_section][et_pb_section fb_built=&#8220;1&#8243; _builder_version=&#8220;3.22&#8243; custom_padding=&#8220;74px|0px|54px|0px|false|false&#8220; top_divider_style=&#8220;slant2&#8243; top_divider_color=&#8220;#fcf1d2&#8243;][et_pb_row make_equal=&#8220;on&#8220; _builder_version=&#8220;3.25&#8243; column_structure=&#8220;2_5,3_5&#8243;][et_pb_column type=&#8220;2_5&#8243; _builder_version=&#8220;3.25&#8243; custom_padding=&#8220;|||&#8220; custom_padding__hover=&#8220;|||&#8220;][et_pb_image src=&#8220;https:\/\/icombine.net\/wp-content\/uploads\/richard-schentke-profil.jpg&#8220; align=&#8220;center&#8220; align_tablet=&#8220;center&#8220; align_last_edited=&#8220;on|desktop&#8220; _builder_version=&#8220;3.23&#8243; custom_margin=&#8220;16px|||&#8220; border_radii=&#8220;on|6px|6px|6px|6px&#8220;][\/et_pb_image][\/et_pb_column][et_pb_column type=&#8220;3_5&#8243; _builder_version=&#8220;3.25&#8243; custom_padding=&#8220;|||&#8220; custom_css_main_element=&#8220;margin: auto;&#8220; custom_padding__hover=&#8220;|||&#8220;][et_pb_text _builder_version=&#8220;3.27.4&#8243;]W\u00e4hrend unserer Online-Session zeige ich Ihnen, wie iCombine funktioniert und welche Probleme wir f\u00fcr Sie l\u00f6sen k\u00f6nnen. Au\u00dferdem werden Sie sehen, welche Elemente unserer Software an Ihre Bed\u00fcrfnisse angepasst werden k\u00f6nnen.<\/p>\n<p><em>Richard Schentke, Gesch\u00e4ftsf\u00fchrer<\/em><br \/>\n[\/et_pb_text][\/et_pb_column][\/et_pb_row][\/et_pb_section][et_pb_section fb_built=&#8220;1&#8243; _builder_version=&#8220;4.9.1&#8243; _module_preset=&#8220;default&#8220;][et_pb_row _builder_version=&#8220;4.9.1&#8243; _module_preset=&#8220;default&#8220;][et_pb_column _builder_version=&#8220;4.9.1&#8243; _module_preset=&#8220;default&#8220; type=&#8220;4_4&#8243;][et_pb_cta title=&#8220;Keine Zeit f\u00fcr Meetings?&#8220; button_text=&#8220;Trial starten&#8220; _builder_version=&#8220;4.9.1&#8243; _module_preset=&#8220;default&#8220; background_color=&#8220;RGBA(0,0,0,0)&#8220; background_layout=&#8220;light&#8220; hover_enabled=&#8220;0&#8243; sticky_enabled=&#8220;0&#8243; button_url=&#8220;https:\/\/my.icombine.net\/signup&#8220;]<\/p>\n<p>Starten Sie selbst mit einem Test von iCombine. Wir bieten eine kostenlose Testversion f\u00fcr 30 Tage an.<\/p>\n<p>[\/et_pb_cta][\/et_pb_column][\/et_pb_row][\/et_pb_section]<\/p>\n","protected":false},"excerpt":{"rendered":"<p>Buchen Sie jetzt Ihre Demo Erfahren Sie, wie iCombine Ihrem Unternehmen dabei helfen kann, g\u00e4ngige Anwendungsf\u00e4lle zu l\u00f6sen, sich neuen Herausforderungen zu stellen und Prozesse zu optimieren. Lassen Sie uns \u00fcber aktuelle Herausforderungen im Bereich Skill Management und Projektplanung sprechen Erfahren Sie, wie Sie mit unserer L\u00f6sung Ihre Prozesse deutlich verbessern k\u00f6nnen Finden Sie heraus, [&hellip;]<\/p>\n","protected":false},"author":2,"featured_media":0,"parent":0,"menu_order":0,"comment_status":"closed","ping_status":"closed","template":"","meta":{"_et_pb_use_builder":"on","_et_pb_old_content":"","_et_gb_content_width":"","content-type":"","footnotes":""},"class_list":["post-1886","page","type-page","status-publish","hentry"],"yoast_head":"<!-- This site is optimized with the Yoast SEO plugin v20.11 - https:\/\/yoast.com\/wordpress\/plugins\/seo\/ -->\n<title>Demo buchen &ndash; iCombine<\/title>\n<meta name=\"robots\" content=\"index, follow, max-snippet:-1, max-image-preview:large, max-video-preview:-1\" \/>\n<link rel=\"canonical\" href=\"https:\/\/icombine.net\/de\/demo-buchen\" \/>\n<meta property=\"og:locale\" content=\"de_DE\" \/>\n<meta property=\"og:type\" content=\"article\" \/>\n<meta property=\"og:title\" content=\"Demo buchen &ndash; iCombine\" \/>\n<meta property=\"og:description\" content=\"Buchen Sie jetzt Ihre Demo Erfahren Sie, wie iCombine Ihrem Unternehmen dabei helfen kann, g\u00e4ngige Anwendungsf\u00e4lle zu l\u00f6sen, sich neuen Herausforderungen zu stellen und Prozesse zu optimieren. Lassen Sie uns \u00fcber aktuelle Herausforderungen im Bereich Skill Management und Projektplanung sprechen Erfahren Sie, wie Sie mit unserer L\u00f6sung Ihre Prozesse deutlich verbessern k\u00f6nnen Finden Sie heraus, [&hellip;]\" \/>\n<meta property=\"og:url\" content=\"https:\/\/icombine.net\/de\/demo-buchen\" \/>\n<meta property=\"og:site_name\" content=\"iCombine\" \/>\n<meta property=\"article:publisher\" content=\"https:\/\/www.facebook.com\/iCombineProjectPad\/\" \/>\n<meta property=\"article:modified_time\" content=\"2021-12-17T12:34:05+00:00\" \/>\n<meta property=\"og:image\" content=\"https:\/\/icombine.net\/wp-content\/uploads\/logo-icombine.png\" \/>\n\t<meta property=\"og:image:width\" content=\"532\" \/>\n\t<meta property=\"og:image:height\" content=\"262\" \/>\n\t<meta property=\"og:image:type\" content=\"image\/png\" \/>\n<meta name=\"twitter:card\" content=\"summary_large_image\" \/>\n<meta name=\"twitter:site\" content=\"@iCombine_\" \/>\n<meta name=\"twitter:label1\" content=\"Gesch\u00e4tzte Lesezeit\" \/>\n\t<meta name=\"twitter:data1\" content=\"3 Minuten\" \/>\n<!-- \/ Yoast SEO plugin. -->","yoast_head_json":{"title":"Demo buchen &ndash; iCombine","robots":{"index":"index","follow":"follow","max-snippet":"max-snippet:-1","max-image-preview":"max-image-preview:large","max-video-preview":"max-video-preview:-1"},"canonical":"https:\/\/icombine.net\/de\/demo-buchen","og_locale":"de_DE","og_type":"article","og_title":"Demo buchen &ndash; iCombine","og_description":"Buchen Sie jetzt Ihre Demo Erfahren Sie, wie iCombine Ihrem Unternehmen dabei helfen kann, g\u00e4ngige Anwendungsf\u00e4lle zu l\u00f6sen, sich neuen Herausforderungen zu stellen und Prozesse zu optimieren. Lassen Sie uns \u00fcber aktuelle Herausforderungen im Bereich Skill Management und Projektplanung sprechen Erfahren Sie, wie Sie mit unserer L\u00f6sung Ihre Prozesse deutlich verbessern k\u00f6nnen Finden Sie heraus, [&hellip;]","og_url":"https:\/\/icombine.net\/de\/demo-buchen","og_site_name":"iCombine","article_publisher":"https:\/\/www.facebook.com\/iCombineProjectPad\/","article_modified_time":"2021-12-17T12:34:05+00:00","og_image":[{"width":532,"height":262,"url":"https:\/\/icombine.net\/wp-content\/uploads\/logo-icombine.png","type":"image\/png"}],"twitter_card":"summary_large_image","twitter_site":"@iCombine_","twitter_misc":{"Gesch\u00e4tzte Lesezeit":"3 Minuten"},"schema":{"@context":"https:\/\/schema.org","@graph":[{"@type":"WebPage","@id":"https:\/\/icombine.net\/de\/demo-buchen","url":"https:\/\/icombine.net\/de\/demo-buchen","name":"Demo buchen &ndash; iCombine","isPartOf":{"@id":"https:\/\/icombine.net\/de#website"},"datePublished":"2019-06-05T13:50:04+00:00","dateModified":"2021-12-17T12:34:05+00:00","breadcrumb":{"@id":"https:\/\/icombine.net\/de\/demo-buchen#breadcrumb"},"inLanguage":"de-DE","potentialAction":[{"@type":"ReadAction","target":["https:\/\/icombine.net\/de\/demo-buchen"]}]},{"@type":"BreadcrumbList","@id":"https:\/\/icombine.net\/de\/demo-buchen#breadcrumb","itemListElement":[{"@type":"ListItem","position":1,"name":"Home","item":"https:\/\/icombine.net\/de\/start"},{"@type":"ListItem","position":2,"name":"Demo buchen"}]},{"@type":"WebSite","@id":"https:\/\/icombine.net\/de#website","url":"https:\/\/icombine.net\/de","name":"iCombine","description":"The workforce organization platform","publisher":{"@id":"https:\/\/icombine.net\/de#organization"},"potentialAction":[{"@type":"SearchAction","target":{"@type":"EntryPoint","urlTemplate":"https:\/\/icombine.net\/de?s={search_term_string}"},"query-input":"required name=search_term_string"}],"inLanguage":"de-DE"},{"@type":"Organization","@id":"https:\/\/icombine.net\/de#organization","name":"iCombine","url":"https:\/\/icombine.net\/de","logo":{"@type":"ImageObject","inLanguage":"de-DE","@id":"https:\/\/icombine.net\/de#\/schema\/logo\/image\/","url":"https:\/\/icombine.net\/wp-content\/uploads\/logo-icombine.png","contentUrl":"https:\/\/icombine.net\/wp-content\/uploads\/logo-icombine.png","width":532,"height":262,"caption":"iCombine"},"image":{"@id":"https:\/\/icombine.net\/de#\/schema\/logo\/image\/"},"sameAs":["https:\/\/www.facebook.com\/iCombineProjectPad\/","https:\/\/twitter.com\/iCombine_","https:\/\/www.linkedin.com\/company\/17972341\/"]}]}},"_links":{"self":[{"href":"https:\/\/icombine.net\/de\/wp-json\/wp\/v2\/pages\/1886","targetHints":{"allow":["GET"]}}],"collection":[{"href":"https:\/\/icombine.net\/de\/wp-json\/wp\/v2\/pages"}],"about":[{"href":"https:\/\/icombine.net\/de\/wp-json\/wp\/v2\/types\/page"}],"author":[{"embeddable":true,"href":"https:\/\/icombine.net\/de\/wp-json\/wp\/v2\/users\/2"}],"replies":[{"embeddable":true,"href":"https:\/\/icombine.net\/de\/wp-json\/wp\/v2\/comments?post=1886"}],"version-history":[{"count":0,"href":"https:\/\/icombine.net\/de\/wp-json\/wp\/v2\/pages\/1886\/revisions"}],"wp:attachment":[{"href":"https:\/\/icombine.net\/de\/wp-json\/wp\/v2\/media?parent=1886"}],"curies":[{"name":"wp","href":"https:\/\/api.w.org\/{rel}","templated":true}]}}