{"id":1740,"date":"2019-04-26T12:36:55","date_gmt":"2019-04-26T11:36:55","guid":{"rendered":"https:\/\/icombine.net\/?page_id=1740"},"modified":"2019-04-26T12:39:21","modified_gmt":"2019-04-26T11:39:21","slug":"unterauftragnehmer","status":"publish","type":"page","link":"https:\/\/icombine.net\/de\/rechtliches\/unterauftragnehmer","title":{"rendered":"Unterauftragnehmer"},"content":{"rendered":"<p>[et_pb_section fb_built=&#8220;1&#8243; fullwidth=&#8220;on&#8220; _builder_version=&#8220;3.21.1&#8243;][et_pb_fullwidth_header title=&#8220;Liste der Unterauftragnehmer&#8220; _builder_version=&#8220;3.21.1&#8243; use_background_color_gradient=&#8220;on&#8220; background_color_gradient_start=&#8220;#ffffff&#8220; background_color_gradient_end=&#8220;#fcf1d2&#8243; background_layout=&#8220;light&#8220;]<\/p>\n<div class=\"fusion-text\">\n<p><strong>Gem\u00e4\u00df den iCombine Software-as-a-Service Bedingungen<\/strong><\/p>\n<p>Der Anbieter beauftragt folgende Unterauftragnehmer mit der Verarbeitung personenbezogene Daten gem\u00e4\u00df Art. 28 GDPR.<\/p>\n<\/div>\n<p>[\/et_pb_fullwidth_header][\/et_pb_section][et_pb_section fb_built=&#8220;1&#8243; _builder_version=&#8220;3.21.1&#8243;][\/et_pb_section][et_pb_section fb_built=&#8220;1&#8243; _builder_version=&#8220;3.21.1&#8243;][et_pb_row _builder_version=&#8220;3.21.1&#8243;][et_pb_column type=&#8220;2_5&#8243; _builder_version=&#8220;3.21.1&#8243;][et_pb_text admin_label=&#8220;Text&#8220; _builder_version=&#8220;3.21.1&#8243;]<\/p>\n<h3>Amazon Web Services EMEA S\u00e0rl<\/h3>\n<p>[\/et_pb_text][\/et_pb_column][et_pb_column type=&#8220;3_5&#8243; _builder_version=&#8220;3.21.1&#8243;][et_pb_text _builder_version=&#8220;3.21.1&#8243;]<\/p>\n<p><strong>Adresse<\/strong><br \/> 5 Rue Plaetis, 2338 Luxembourg <\/p>\n<p><strong>Aufgabe<\/strong><br \/> Web-Hosting der iCombine Applikation. Da der Standort des Rechenzentrums in Deutschland ausgew\u00e4hlt wurde, ist sichergestellt, dass die Daten in der Europ\u00e4ischen Union verarbeitet werden. <\/p>\n<p><strong>Regelung<br \/><\/strong>Es besteht eine Auftragsverarbeitungsvereinbarung zwischen Amazon Web Services und iCombine.<\/p>\n<p>[\/et_pb_text][\/et_pb_column][\/et_pb_row][et_pb_row _builder_version=&#8220;3.21.1&#8243;][et_pb_column type=&#8220;2_5&#8243; _builder_version=&#8220;3.21.1&#8243;][et_pb_text admin_label=&#8220;Text&#8220; _builder_version=&#8220;3.21.1&#8243;]<\/p>\n<h3>Google LLC<\/h3>\n<p>[\/et_pb_text][\/et_pb_column][et_pb_column type=&#8220;3_5&#8243; _builder_version=&#8220;3.21.1&#8243;][et_pb_text _builder_version=&#8220;3.21.1&#8243;]<\/p>\n<p><strong>Adresse<\/strong><br \/>1600 Amphitheatre Parkway, Mountain View, CA 94043, United States of America<\/p>\n<p><strong>Aufgabe<br \/><\/strong>Web Analytics<\/p>\n<p><strong>Regelung<br \/><\/strong>Es besteht eine Auftragsverarbeitungsvereinbarung zwischen Google und iCombine.<\/p>\n<p>[\/et_pb_text][\/et_pb_column][\/et_pb_row][et_pb_row _builder_version=&#8220;3.21.1&#8243;][et_pb_column type=&#8220;2_5&#8243; _builder_version=&#8220;3.21.1&#8243;][et_pb_text admin_label=&#8220;Text&#8220; _builder_version=&#8220;3.21.1&#8243;]<\/p>\n<h3>Hubspot, Inc.<\/h3>\n<p>[\/et_pb_text][\/et_pb_column][et_pb_column type=&#8220;3_5&#8243; _builder_version=&#8220;3.21.1&#8243;][et_pb_text _builder_version=&#8220;3.21.1&#8243;]<\/p>\n<p><strong>Adresse<br \/><\/strong>25 First Street, 2nd Floor, Cambridge, MA 02141 United States of America<\/p>\n<p><strong>Aufgabe<br \/><\/strong>Customer Relationship Management<strong><br \/><\/strong><\/p>\n<p><strong>Regelung<br \/><\/strong>Es besteht eine Auftragsverarbeitungsvereinbarung zwischen Google und iCombine.<\/p>\n<p>[\/et_pb_text][\/et_pb_column][\/et_pb_row][et_pb_row _builder_version=&#8220;3.21.1&#8243;][et_pb_column type=&#8220;2_5&#8243; _builder_version=&#8220;3.21.1&#8243;][et_pb_text admin_label=&#8220;Text&#8220; _builder_version=&#8220;3.21.1&#8243;]<\/p>\n<h3 class=\"p1\">Newsletter2Go GmbH<\/h3>\n<p>[\/et_pb_text][\/et_pb_column][et_pb_column type=&#8220;3_5&#8243; _builder_version=&#8220;3.21.1&#8243;][et_pb_text _builder_version=&#8220;3.21.1&#8243;]<\/p>\n<p><strong>Adresse<br \/><\/strong>K\u00f6penicker Str. 126, 10179 Berlin, Germany<\/p>\n<p><strong>Aufgabe<br \/><\/strong>Newsletter-Versand<\/p>\n<p><strong>Regelung<br \/><\/strong>Es besteht eine Auftragsverarbeitungsvereinbarung zwischen Newsletter2Go and iCombine.<\/p>\n<p>[\/et_pb_text][\/et_pb_column][\/et_pb_row][\/et_pb_section]<\/p>\n","protected":false},"excerpt":{"rendered":"<p>Gem\u00e4\u00df den iCombine Software-as-a-Service Bedingungen Der Anbieter beauftragt folgende Unterauftragnehmer mit der Verarbeitung personenbezogene Daten gem\u00e4\u00df Art. 28 GDPR. Amazon Web Services EMEA S\u00e0rlAdresse 5 Rue Plaetis, 2338 Luxembourg Aufgabe Web-Hosting der iCombine Applikation. Da der Standort des Rechenzentrums in Deutschland ausgew\u00e4hlt wurde, ist sichergestellt, dass die Daten in der Europ\u00e4ischen Union verarbeitet werden. RegelungEs [&hellip;]<\/p>\n","protected":false},"author":3,"featured_media":0,"parent":1750,"menu_order":0,"comment_status":"closed","ping_status":"closed","template":"","meta":{"_et_pb_use_builder":"on","_et_pb_old_content":"","_et_gb_content_width":"","content-type":"","footnotes":""},"class_list":["post-1740","page","type-page","status-publish","hentry"],"yoast_head":"<!-- This site is optimized with the Yoast SEO plugin v20.11 - https:\/\/yoast.com\/wordpress\/plugins\/seo\/ -->\n<title>Unterauftragnehmer &ndash; iCombine<\/title>\n<meta name=\"robots\" content=\"index, follow, max-snippet:-1, max-image-preview:large, max-video-preview:-1\" \/>\n<link rel=\"canonical\" href=\"https:\/\/icombine.net\/de\/rechtliches\/unterauftragnehmer\" \/>\n<meta property=\"og:locale\" content=\"de_DE\" \/>\n<meta property=\"og:type\" content=\"article\" \/>\n<meta property=\"og:title\" content=\"Unterauftragnehmer &ndash; iCombine\" \/>\n<meta property=\"og:description\" content=\"Gem\u00e4\u00df den iCombine Software-as-a-Service Bedingungen Der Anbieter beauftragt folgende Unterauftragnehmer mit der Verarbeitung personenbezogene Daten gem\u00e4\u00df Art. 28 GDPR. Amazon Web Services EMEA S\u00e0rlAdresse 5 Rue Plaetis, 2338 Luxembourg Aufgabe Web-Hosting der iCombine Applikation. Da der Standort des Rechenzentrums in Deutschland ausgew\u00e4hlt wurde, ist sichergestellt, dass die Daten in der Europ\u00e4ischen Union verarbeitet werden. RegelungEs [&hellip;]\" \/>\n<meta property=\"og:url\" content=\"https:\/\/icombine.net\/de\/rechtliches\/unterauftragnehmer\" \/>\n<meta property=\"og:site_name\" content=\"iCombine\" \/>\n<meta property=\"article:publisher\" content=\"https:\/\/www.facebook.com\/iCombineProjectPad\/\" \/>\n<meta property=\"article:modified_time\" content=\"2019-04-26T11:39:21+00:00\" \/>\n<meta property=\"og:image\" content=\"https:\/\/icombine.net\/wp-content\/uploads\/logo-icombine.png\" \/>\n\t<meta property=\"og:image:width\" content=\"532\" \/>\n\t<meta property=\"og:image:height\" content=\"262\" \/>\n\t<meta property=\"og:image:type\" content=\"image\/png\" \/>\n<meta name=\"twitter:card\" content=\"summary_large_image\" \/>\n<meta name=\"twitter:site\" content=\"@iCombine_\" \/>\n<meta name=\"twitter:label1\" content=\"Gesch\u00e4tzte Lesezeit\" \/>\n\t<meta name=\"twitter:data1\" content=\"2 Minuten\" \/>\n<!-- \/ Yoast SEO plugin. -->","yoast_head_json":{"title":"Unterauftragnehmer &ndash; iCombine","robots":{"index":"index","follow":"follow","max-snippet":"max-snippet:-1","max-image-preview":"max-image-preview:large","max-video-preview":"max-video-preview:-1"},"canonical":"https:\/\/icombine.net\/de\/rechtliches\/unterauftragnehmer","og_locale":"de_DE","og_type":"article","og_title":"Unterauftragnehmer &ndash; iCombine","og_description":"Gem\u00e4\u00df den iCombine Software-as-a-Service Bedingungen Der Anbieter beauftragt folgende Unterauftragnehmer mit der Verarbeitung personenbezogene Daten gem\u00e4\u00df Art. 28 GDPR. Amazon Web Services EMEA S\u00e0rlAdresse 5 Rue Plaetis, 2338 Luxembourg Aufgabe Web-Hosting der iCombine Applikation. Da der Standort des Rechenzentrums in Deutschland ausgew\u00e4hlt wurde, ist sichergestellt, dass die Daten in der Europ\u00e4ischen Union verarbeitet werden. RegelungEs [&hellip;]","og_url":"https:\/\/icombine.net\/de\/rechtliches\/unterauftragnehmer","og_site_name":"iCombine","article_publisher":"https:\/\/www.facebook.com\/iCombineProjectPad\/","article_modified_time":"2019-04-26T11:39:21+00:00","og_image":[{"width":532,"height":262,"url":"https:\/\/icombine.net\/wp-content\/uploads\/logo-icombine.png","type":"image\/png"}],"twitter_card":"summary_large_image","twitter_site":"@iCombine_","twitter_misc":{"Gesch\u00e4tzte Lesezeit":"2 Minuten"},"schema":{"@context":"https:\/\/schema.org","@graph":[{"@type":"WebPage","@id":"https:\/\/icombine.net\/de\/rechtliches\/unterauftragnehmer","url":"https:\/\/icombine.net\/de\/rechtliches\/unterauftragnehmer","name":"Unterauftragnehmer &ndash; iCombine","isPartOf":{"@id":"https:\/\/icombine.net\/de#website"},"datePublished":"2019-04-26T11:36:55+00:00","dateModified":"2019-04-26T11:39:21+00:00","breadcrumb":{"@id":"https:\/\/icombine.net\/de\/rechtliches\/unterauftragnehmer#breadcrumb"},"inLanguage":"de-DE","potentialAction":[{"@type":"ReadAction","target":["https:\/\/icombine.net\/de\/rechtliches\/unterauftragnehmer"]}]},{"@type":"BreadcrumbList","@id":"https:\/\/icombine.net\/de\/rechtliches\/unterauftragnehmer#breadcrumb","itemListElement":[{"@type":"ListItem","position":1,"name":"Home","item":"https:\/\/icombine.net\/de\/start"},{"@type":"ListItem","position":2,"name":"Rechtliches","item":"https:\/\/icombine.net\/de\/rechtliches"},{"@type":"ListItem","position":3,"name":"Unterauftragnehmer"}]},{"@type":"WebSite","@id":"https:\/\/icombine.net\/de#website","url":"https:\/\/icombine.net\/de","name":"iCombine","description":"The workforce organization platform","publisher":{"@id":"https:\/\/icombine.net\/de#organization"},"potentialAction":[{"@type":"SearchAction","target":{"@type":"EntryPoint","urlTemplate":"https:\/\/icombine.net\/de?s={search_term_string}"},"query-input":"required name=search_term_string"}],"inLanguage":"de-DE"},{"@type":"Organization","@id":"https:\/\/icombine.net\/de#organization","name":"iCombine","url":"https:\/\/icombine.net\/de","logo":{"@type":"ImageObject","inLanguage":"de-DE","@id":"https:\/\/icombine.net\/de#\/schema\/logo\/image\/","url":"https:\/\/icombine.net\/wp-content\/uploads\/logo-icombine.png","contentUrl":"https:\/\/icombine.net\/wp-content\/uploads\/logo-icombine.png","width":532,"height":262,"caption":"iCombine"},"image":{"@id":"https:\/\/icombine.net\/de#\/schema\/logo\/image\/"},"sameAs":["https:\/\/www.facebook.com\/iCombineProjectPad\/","https:\/\/twitter.com\/iCombine_","https:\/\/www.linkedin.com\/company\/17972341\/"]}]}},"_links":{"self":[{"href":"https:\/\/icombine.net\/de\/wp-json\/wp\/v2\/pages\/1740","targetHints":{"allow":["GET"]}}],"collection":[{"href":"https:\/\/icombine.net\/de\/wp-json\/wp\/v2\/pages"}],"about":[{"href":"https:\/\/icombine.net\/de\/wp-json\/wp\/v2\/types\/page"}],"author":[{"embeddable":true,"href":"https:\/\/icombine.net\/de\/wp-json\/wp\/v2\/users\/3"}],"replies":[{"embeddable":true,"href":"https:\/\/icombine.net\/de\/wp-json\/wp\/v2\/comments?post=1740"}],"version-history":[{"count":0,"href":"https:\/\/icombine.net\/de\/wp-json\/wp\/v2\/pages\/1740\/revisions"}],"up":[{"embeddable":true,"href":"https:\/\/icombine.net\/de\/wp-json\/wp\/v2\/pages\/1750"}],"wp:attachment":[{"href":"https:\/\/icombine.net\/de\/wp-json\/wp\/v2\/media?parent=1740"}],"curies":[{"name":"wp","href":"https:\/\/api.w.org\/{rel}","templated":true}]}}